{"id":102,"date":"2026-02-24T19:54:21","date_gmt":"2026-02-24T19:54:21","guid":{"rendered":"https:\/\/hogarcima.org\/wp\/about\/"},"modified":"2026-02-24T19:54:21","modified_gmt":"2026-02-24T19:54:21","slug":"about","status":"publish","type":"page","link":"https:\/\/hogarcima.org\/wp\/about\/","title":{"rendered":"About"},"content":{"rendered":"\n\n\n<h2>Nuestro Trabajo en Acci\u00f3n<\/h2>\n<p>Descubre nuestras iniciativas y los resultados que hemos logrado.<\/p>\n\n\n\n\n\n\n\n\n\n\n\n\n\n\n\n\n\n\n\n\n\n<h2>Conoce m\u00e1s sobre nuestra misi\u00f3n y visi\u00f3n.<\/h2>\n<p>Conoce m\u00e1s sobre nuestra misi\u00f3n y visi\u00f3n.<\/p>\n\n\n\n\n\n<h2>Conoce Nuestro Equipo<\/h2>\n\n\n\n\n\n\n\n\n\n\n\n\n\n\n\n\n\n\n\n\n\n\n\n\n\n\n\n\n\n\n\n\n\n\n\n\n\n\n<h2>Testimonios<\/h2>\n\n\n\n\u00abDesde que llegu\u00e9 a CIMA, he aprendido a creer en m\u00ed mismo y a so\u00f1ar en grande.\u00bb\n\n\n\n\n\n\u00abCIMA no solo me ha dado un hogar, sino que tambi\u00e9n me ha dado herramientas para triunfar.\u00bb\n\n\n\n\n\n\u00abEl apoyo que recib\u00ed cambi\u00f3 mi vida y me ayud\u00f3 a encontrar mi camino.\u00bb\n\n\n\n\n\n\n\n\n\n<h2>Estad\u00edsticas de Impacto<\/h2>\n<P>Mira c\u00f3mo ha sido nuestro trabajo a trav\u00e9s de cifras impactantes.<\/P>\n\n\n\n\n\n\n\n\n\n\n\n\n\n\n\n\n\n","protected":false},"excerpt":{"rendered":"","protected":false},"author":1,"featured_media":0,"parent":0,"menu_order":0,"comment_status":"closed","ping_status":"closed","template":"","meta":{"_acf_changed":false,"pagelayer_contact_templates":[],"_pagelayer_content":"","footnotes":""},"class_list":["post-102","page","type-page","status-publish","hentry"],"acf":[],"_links":{"self":[{"href":"https:\/\/hogarcima.org\/wp\/wp-json\/wp\/v2\/pages\/102","targetHints":{"allow":["GET"]}}],"collection":[{"href":"https:\/\/hogarcima.org\/wp\/wp-json\/wp\/v2\/pages"}],"about":[{"href":"https:\/\/hogarcima.org\/wp\/wp-json\/wp\/v2\/types\/page"}],"author":[{"embeddable":true,"href":"https:\/\/hogarcima.org\/wp\/wp-json\/wp\/v2\/users\/1"}],"replies":[{"embeddable":true,"href":"https:\/\/hogarcima.org\/wp\/wp-json\/wp\/v2\/comments?post=102"}],"version-history":[{"count":0,"href":"https:\/\/hogarcima.org\/wp\/wp-json\/wp\/v2\/pages\/102\/revisions"}],"wp:attachment":[{"href":"https:\/\/hogarcima.org\/wp\/wp-json\/wp\/v2\/media?parent=102"}],"curies":[{"name":"wp","href":"https:\/\/api.w.org\/{rel}","templated":true}]}}